{"id":63,"date":"2021-12-12T18:14:14","date_gmt":"2021-12-12T18:14:14","guid":{"rendered":"http:\/\/solareduc.com\/?page_id=63"},"modified":"2021-12-12T23:54:25","modified_gmt":"2021-12-12T23:54:25","slug":"simuladores","status":"publish","type":"page","link":"http:\/\/solareduc.com\/?page_id=63","title":{"rendered":"Simuladores para Sistemas Fotovoltaicos"},"content":{"rendered":"\n<p>Abaixo, apresentamos alguns simuladores que podem ser \u00fateis na contrata\u00e7\u00e3o, projeto, instala\u00e7\u00e3o, opera\u00e7\u00e3o e manuten\u00e7\u00e3o de sistemas de energia solar fotovoltaica. Procuramos apresentar tanto op\u00e7\u00f5es gratuitas quanto op\u00e7\u00f5es pagas, bem como suas caracter\u00edsticas.<\/p>\n\n\n\n<p>S\u00e3o apresentados simuladores para as seguintes atividades:<\/p>\n\n\n\n<ul class=\"wp-block-list\"><li><a href=\"#estimativa-preliminar-geracao\" title=\"#estimativa-preliminar-geracao\">Estimativa preliminar de Gera\u00e7\u00e3o<\/a><\/li><li>Obten\u00e7\u00e3o de dados meteorol\u00f3gicos<\/li><li><a href=\"#calculo-detalhado-geracao\" title=\"#calculo-detalhado-geracao\">C\u00e1lculo detalhado de Gera\u00e7\u00e3o<\/a><\/li><li>Dimensionamento de disjuntores<\/li><li>Dimensionamento do cabeamento<\/li><li>Avalia\u00e7\u00e3o de Desempenho de Sistemas Fotovoltaicos<\/li><\/ul>\n\n\n\n<p>Deve ser ressaltado que os simuladores s\u00e3o ferramentas que ajudam no projeto dos sistemas fotovoltaicos e jamais devem substituir o conhecimento t\u00e9cnico e a capacidade de racioc\u00ednio dos profissionais.<\/p>\n\n\n\n<h2 class=\"wp-block-heading\" id=\"estimativa-preliminar-geracao\">Simuladores para Estimativa Preliminar de Gera\u00e7\u00e3o<\/h2>\n\n\n\n<p>H\u00e1 diversos simuladores simples para estimativa preliminar de gera\u00e7\u00e3o, muitos deles gratuitos. Apresentamos abaixo alguns deles:<\/p>\n\n\n\n<ul class=\"wp-block-list\"><li>PVWatts: Simulador Gratuito disponibilizado pelo NREL.<\/li><\/ul>\n\n\n\n<h3 class=\"wp-block-heading\">PVWatts<\/h3>\n\n\n\n<p>Um bom exemplo de simulador para Estimativa Preliminar de Gera\u00e7\u00e3o \u00e9 o PVWatts. Trata-se de um simulador gratuito desenvolvido pelo National Renewable Energy Labs (NREL), instituto norte-americano de energia renov\u00e1vel.<\/p>\n\n\n\n<p>O primeiro passo \u00e9 inserir o local da simula\u00e7\u00e3o. Para isso basta digitar o endere\u00e7o ou as coordenadas do local. Lembrando que, por se tratar de um site estrangeiro, \u00e9 necess\u00e1rio colocar o nome da cidade e o pa\u00eds.<\/p>\n\n\n\n<figure class=\"wp-block-image size-large\"><img loading=\"lazy\" decoding=\"async\" width=\"1024\" height=\"667\" src=\"http:\/\/solareduc.com\/wp-content\/uploads\/2021\/12\/CapturarPvWatts_1-1024x667.png\" alt=\"\" class=\"wp-image-78\" srcset=\"http:\/\/solareduc.com\/wp-content\/uploads\/2021\/12\/CapturarPvWatts_1-1024x667.png 1024w, http:\/\/solareduc.com\/wp-content\/uploads\/2021\/12\/CapturarPvWatts_1-300x195.png 300w, http:\/\/solareduc.com\/wp-content\/uploads\/2021\/12\/CapturarPvWatts_1-768x500.png 768w, http:\/\/solareduc.com\/wp-content\/uploads\/2021\/12\/CapturarPvWatts_1.png 1041w\" sizes=\"auto, (max-width: 1024px) 100vw, 1024px\" \/><\/figure>\n\n\n\n<p>Ap\u00f3s inserir endere\u00e7o, o site ir\u00e1 indicar a fonte de dados meteorol\u00f3gicos mais pr\u00f3xima.<\/p>\n\n\n\n<figure class=\"wp-block-image size-full\"><img loading=\"lazy\" decoding=\"async\" width=\"1016\" height=\"954\" src=\"http:\/\/solareduc.com\/wp-content\/uploads\/2021\/12\/CapturarPvWatts_2.png\" alt=\"\" class=\"wp-image-80\" srcset=\"http:\/\/solareduc.com\/wp-content\/uploads\/2021\/12\/CapturarPvWatts_2.png 1016w, http:\/\/solareduc.com\/wp-content\/uploads\/2021\/12\/CapturarPvWatts_2-300x282.png 300w, http:\/\/solareduc.com\/wp-content\/uploads\/2021\/12\/CapturarPvWatts_2-768x721.png 768w\" sizes=\"auto, (max-width: 1016px) 100vw, 1016px\" \/><\/figure>\n\n\n\n<p>O segundo passo \u00e9 inserir os dados do sistema. S\u00e3o solicitados os seguintes dados:<\/p>\n\n\n\n<ul class=\"wp-block-list\"><li>Pot\u00eancia do sistema (DC System Size): Corresponde \u00e0 pot\u00eancia total do sistema. Esse valor \u00e9 igual \u00e0 pot\u00eancia dos m\u00f3dulos (ex: 400 W) multiplicado pelo n\u00famero de m\u00f3dulos (ex: 10) e dividido por 1000 para passar de W para kW (ex: 400&#215;10\/1000 = 4)<\/li><li>Tipo de m\u00f3dulos (Module Type): Corresponde ao Tipo de M\u00f3dulos, normalmente s\u00e3o usados os m\u00f3dulos convencionais (Standard).<\/li><li>Local de Instala\u00e7\u00e3o (Array Tipe): Indica se foi instalado em uma estrutura fixa de solo (Fixed Open Rack), uma estrutura fixa de telhado (Fixed Roof Mount) ou com rastreamento.<\/li><li>Azimute (Azimuth). O azimute \u00e9 a dire\u00e7\u00e3o para onde os m\u00f3dulos fotovoltaicos (os pain\u00e9is solares) est\u00e3o direcionados.<\/li><li>Inclina\u00e7\u00e3o (Tilt): A inclina\u00e7\u00e3o \u00e9 o \u00e2ngulo que os m\u00f3dulos fotovoltaicos (os pain\u00e9is solares) fazem com a horizontal. Um m\u00f3dulo na horizontal tem 0 graus de inclina\u00e7\u00e3o e um m\u00f3dulo que faz 20 graus com a horizontal tem 20 graus de inclina\u00e7\u00e3o.<\/li><\/ul>\n\n\n\n<p>Nota1: Se tem d\u00favidas sobre como obter o azimute, olhe a nossa p\u00e1gina <a href=\"http:\/\/solareduc.com\" target=\"_blank\" rel=\"noreferrer noopener\">Determinando o Azimute dos M\u00f3dulos<\/a>.<\/p>\n\n\n\n<p>Nota: Se quiser fazer essa simula\u00e7\u00e3o de forma mais aprofundada, visite a nossa p\u00e1gina que fala exclusivamente sobre o <a href=\"http:\/\/solareduc.com\" title=\"solareduc.com\">PVWatts<\/a>.<\/p>\n\n\n\n<figure class=\"wp-block-image size-large\"><img loading=\"lazy\" decoding=\"async\" width=\"1024\" height=\"933\" src=\"http:\/\/solareduc.com\/wp-content\/uploads\/2021\/12\/CapturarPvWatts_3-1024x933.png\" alt=\"\" class=\"wp-image-83\" srcset=\"http:\/\/solareduc.com\/wp-content\/uploads\/2021\/12\/CapturarPvWatts_3-1024x933.png 1024w, http:\/\/solareduc.com\/wp-content\/uploads\/2021\/12\/CapturarPvWatts_3-300x273.png 300w, http:\/\/solareduc.com\/wp-content\/uploads\/2021\/12\/CapturarPvWatts_3-768x699.png 768w, http:\/\/solareduc.com\/wp-content\/uploads\/2021\/12\/CapturarPvWatts_3.png 1042w\" sizes=\"auto, (max-width: 1024px) 100vw, 1024px\" \/><\/figure>\n\n\n\n<p>O terceiro passo \u00e9 obter e analisar os resultados. \u00c9 apresentada uma estimativa de gera\u00e7\u00e3o mensal com base nos dados informados pelo usu\u00e1rio. \u00c9 importante lembrar que <\/p>\n\n\n\n<figure class=\"wp-block-image size-large\"><img loading=\"lazy\" decoding=\"async\" width=\"1024\" height=\"891\" src=\"http:\/\/solareduc.com\/wp-content\/uploads\/2021\/12\/CapturarPvWatts_4-1024x891.png\" alt=\"\" class=\"wp-image-85\" srcset=\"http:\/\/solareduc.com\/wp-content\/uploads\/2021\/12\/CapturarPvWatts_4-1024x891.png 1024w, http:\/\/solareduc.com\/wp-content\/uploads\/2021\/12\/CapturarPvWatts_4-300x261.png 300w, http:\/\/solareduc.com\/wp-content\/uploads\/2021\/12\/CapturarPvWatts_4-768x668.png 768w, http:\/\/solareduc.com\/wp-content\/uploads\/2021\/12\/CapturarPvWatts_4.png 1044w\" sizes=\"auto, (max-width: 1024px) 100vw, 1024px\" \/><\/figure>\n\n\n\n<p>O PVWatts pode ser acessado no seguinte link em Ingl\u00eas ou Espanhol:<\/p>\n\n\n\n<p><a href=\"https:\/\/pvwatts.nrel.gov\/\" target=\"_blank\" rel=\"noreferrer noopener\" title=\"https:\/\/pvwatts.nrel.gov\/\">https:\/\/pvwatts.nrel.gov\/<\/a><\/p>\n\n\n\n<p>Caso prefira acessa-lo em portugu\u00eas, utilize o Google Tradutor dentro do navegador Chrome. Para isso, instale inicialmente o plugin do Google Tradutor. Dentro do Google Chrome, v\u00e1 para a p\u00e1gina <a href=\"https:\/\/chrome.google.com\/webstore\/search\/translate\" target=\"_blank\" rel=\"noreferrer noopener\">https:\/\/chrome.google.com\/webstore\/search\/translate<\/a> e adicione o Google Translate.<\/p>\n\n\n\n<p>Outra alternativa \u00e9 utilizar o tradutor do Microsoft Edge, que j\u00e1 vem instalado nos computadores com Windows 10 ou superior.<\/p>\n\n\n\n<p>A seguir, acesse o link acima (<a href=\"https:\/\/pvwatts.nrel.gov\/\" target=\"_blank\" rel=\"noreferrer noopener\" title=\"https:\/\/pvwatts.nrel.gov\/\">https:\/\/pvwatts.nrel.gov\/<\/a>) dentro do navegador Chrome ou Edge. Quando a p\u00e1gina carregar, clique no bot\u00e3o \u00e0 direita e escolha &#8220;Portugu\u00eas&#8221;. A p\u00e1gina aparecer\u00e1 ent\u00e3o traduzida e \u00e9 s\u00f3 seguir os passos indicados acima.<\/p>\n\n\n\n<figure class=\"wp-block-image size-large\"><img loading=\"lazy\" decoding=\"async\" width=\"1024\" height=\"398\" src=\"http:\/\/solareduc.com\/wp-content\/uploads\/2021\/12\/CapturarPvWatts_5-1024x398.png\" alt=\"\" class=\"wp-image-91\" srcset=\"http:\/\/solareduc.com\/wp-content\/uploads\/2021\/12\/CapturarPvWatts_5-1024x398.png 1024w, http:\/\/solareduc.com\/wp-content\/uploads\/2021\/12\/CapturarPvWatts_5-300x117.png 300w, http:\/\/solareduc.com\/wp-content\/uploads\/2021\/12\/CapturarPvWatts_5-768x299.png 768w, http:\/\/solareduc.com\/wp-content\/uploads\/2021\/12\/CapturarPvWatts_5-1536x598.png 1536w, http:\/\/solareduc.com\/wp-content\/uploads\/2021\/12\/CapturarPvWatts_5-1568x610.png 1568w, http:\/\/solareduc.com\/wp-content\/uploads\/2021\/12\/CapturarPvWatts_5.png 1920w\" sizes=\"auto, (max-width: 1024px) 100vw, 1024px\" \/><\/figure>\n\n\n\n<figure class=\"wp-block-image size-large\"><img loading=\"lazy\" decoding=\"async\" width=\"1024\" height=\"657\" src=\"http:\/\/solareduc.com\/wp-content\/uploads\/2021\/12\/image-1024x657.png\" alt=\"\" class=\"wp-image-86\" srcset=\"http:\/\/solareduc.com\/wp-content\/uploads\/2021\/12\/image-1024x657.png 1024w, http:\/\/solareduc.com\/wp-content\/uploads\/2021\/12\/image-300x192.png 300w, http:\/\/solareduc.com\/wp-content\/uploads\/2021\/12\/image-768x493.png 768w, http:\/\/solareduc.com\/wp-content\/uploads\/2021\/12\/image.png 1051w\" sizes=\"auto, (max-width: 1024px) 100vw, 1024px\" \/><\/figure>\n\n\n\n<h2 class=\"wp-block-heading\" id=\"calculo-detalhado-geracao\">Simuladores para C\u00e1lculo Detalhado de Gera\u00e7\u00e3o<\/h2>\n\n\n\n<p>A seguir s\u00e3o apresentados alguns simuladores para c\u00e1lculo detalhado de gera\u00e7\u00e3o:<\/p>\n\n\n\n<ul class=\"wp-block-list\"><li><strong>System Advisor Model (SAM)<\/strong>: Simulador gratuito disponibilizado pelo NREL.<\/li><li><strong>PVSyst<\/strong>: Simulador pago, um dos mais tradicionais do mercado.<\/li><li><strong>PVSol<\/strong>: Simulador pago, realiza simula\u00e7\u00f5es de sombreamento.<\/li><li><strong>Solergo<\/strong>: Simulador <\/li><\/ul>\n","protected":false},"excerpt":{"rendered":"<p>Abaixo, apresentamos alguns simuladores que podem ser \u00fateis na contrata\u00e7\u00e3o, projeto, instala\u00e7\u00e3o, opera\u00e7\u00e3o e manuten\u00e7\u00e3o de sistemas de energia solar fotovoltaica. Procuramos apresentar tanto op\u00e7\u00f5es gratuitas quanto op\u00e7\u00f5es pagas, bem como suas caracter\u00edsticas. S\u00e3o apresentados simuladores para as seguintes atividades: Estimativa preliminar de Gera\u00e7\u00e3o Obten\u00e7\u00e3o de dados meteorol\u00f3gicos C\u00e1lculo detalhado de Gera\u00e7\u00e3o Dimensionamento de disjuntores&hellip; <a class=\"more-link\" href=\"http:\/\/solareduc.com\/?page_id=63\">Continue reading <span class=\"screen-reader-text\">Simuladores para Sistemas Fotovoltaicos<\/span><\/a><\/p>\n","protected":false},"author":1,"featured_media":83,"parent":0,"menu_order":0,"comment_status":"closed","ping_status":"closed","template":"","meta":{"om_disable_all_campaigns":false,"_monsterinsights_skip_tracking":false,"_monsterinsights_sitenote_active":false,"_monsterinsights_sitenote_note":"","_monsterinsights_sitenote_category":0,"footnotes":""},"class_list":["post-63","page","type-page","status-publish","has-post-thumbnail","hentry","entry"],"_links":{"self":[{"href":"http:\/\/solareduc.com\/index.php?rest_route=\/wp\/v2\/pages\/63","targetHints":{"allow":["GET"]}}],"collection":[{"href":"http:\/\/solareduc.com\/index.php?rest_route=\/wp\/v2\/pages"}],"about":[{"href":"http:\/\/solareduc.com\/index.php?rest_route=\/wp\/v2\/types\/page"}],"author":[{"embeddable":true,"href":"http:\/\/solareduc.com\/index.php?rest_route=\/wp\/v2\/users\/1"}],"replies":[{"embeddable":true,"href":"http:\/\/solareduc.com\/index.php?rest_route=%2Fwp%2Fv2%2Fcomments&post=63"}],"version-history":[{"count":17,"href":"http:\/\/solareduc.com\/index.php?rest_route=\/wp\/v2\/pages\/63\/revisions"}],"predecessor-version":[{"id":108,"href":"http:\/\/solareduc.com\/index.php?rest_route=\/wp\/v2\/pages\/63\/revisions\/108"}],"wp:featuredmedia":[{"embeddable":true,"href":"http:\/\/solareduc.com\/index.php?rest_route=\/wp\/v2\/media\/83"}],"wp:attachment":[{"href":"http:\/\/solareduc.com\/index.php?rest_route=%2Fwp%2Fv2%2Fmedia&parent=63"}],"curies":[{"name":"wp","href":"https:\/\/api.w.org\/{rel}","templated":true}]}}